{"id":2945,"date":"2025-09-10T10:09:46","date_gmt":"2025-09-10T07:09:46","guid":{"rendered":"https:\/\/www.eraegitim.com\/en\/?page_id=2945"},"modified":"2025-09-10T10:09:46","modified_gmt":"2025-09-10T07:09:46","slug":"shoulder-to-shoulder-all-together-team-workshop","status":"publish","type":"page","link":"https:\/\/www.eraegitim.com\/en\/hedefe-goturen-egitimler\/atolyeler-ve-eratonin-sohbetleri\/atolyeler\/shoulder-to-shoulder-all-together-team-workshop\/","title":{"rendered":"Shoulder to Shoulder All Together Team Workshop"},"content":{"rendered":"<div class=\"fusion-fullwidth fullwidth-box fusion-builder-row-1 fusion-flex-container nonhundred-percent-fullwidth non-hundred-percent-height-scrolling\" style=\"background-color: rgba(255,255,255,0);background-position: center center;background-repeat: no-repeat;border-width: 0px 0px 0px 0px;border-color:#eae9e9;border-style:solid;\" ><div class=\"fusion-builder-row fusion-row fusion-flex-align-items-flex-start\" style=\"max-width:1185.6px;margin-left: calc(-4% \/ 2 );margin-right: calc(-4% \/ 2 );\"><div class=\"fusion-layout-column fusion_builder_column fusion-builder-column-0 fusion_builder_column_3_4 3_4 fusion-flex-column\"><div class=\"fusion-column-wrapper fusion-flex-justify-content-flex-start fusion-content-layout-column\" style=\"background-position:left top;background-repeat:no-repeat;-webkit-background-size:cover;-moz-background-size:cover;-o-background-size:cover;background-size:cover;padding: 0px 0px 0px 0px;\"><div class=\"fusion-text fusion-text-1\"><p>Opening: New Brain, New Horizons \u2013 Prof. Dr. O\u011ful Zenging\u00f6n\u00fcl<\/p>\n<p>Game: Rumor Newspaper<\/p>\n<p>What&#8217;s Happening Here, Now?<\/p>\n<p>Exercise: Where Is Our Team Energy?<\/p>\n<p>Walking the Tony Schwartz Energy Dial<\/p>\n<p>Experience: Are We Toxic or Healing?<\/p>\n<p>Having Fun and Creating Together\u2026Our Values\u2026<\/p>\n<p>Creative Game Design<\/p>\n<p>Carl Orff \u2013 Brain-Body Alignment and<\/p>\n<p>Closing with Team Commitment<\/p>\n<\/div><\/div><style type=\"text\/css\">.fusion-body .fusion-builder-column-0{width:75% !important;margin-top : 0px;margin-bottom : 0px;}.fusion-builder-column-0 > .fusion-column-wrapper {padding-top : 0px !important;padding-right : 0px !important;margin-right : 2.56%;padding-bottom : 0px !important;padding-left : 0px !important;margin-left : 2.56%;}@media only screen and (max-width:1024px) {.fusion-body .fusion-builder-column-0{width:100% !important;order : 0;}.fusion-builder-column-0 > .fusion-column-wrapper {margin-right : 1.92%;margin-left : 1.92%;}}@media only screen and (max-width:640px) {.fusion-body .fusion-builder-column-0{width:100% !important;order : 0;}.fusion-builder-column-0 > .fusion-column-wrapper {margin-right : 1.92%;margin-left : 1.92%;}}<\/style><\/div><div class=\"fusion-layout-column fusion_builder_column fusion-builder-column-1 fusion_builder_column_1_4 1_4 fusion-flex-column\"><div class=\"fusion-column-wrapper fusion-flex-justify-content-flex-start fusion-content-layout-column\" style=\"background-position:left top;background-repeat:no-repeat;-webkit-background-size:cover;-moz-background-size:cover;-o-background-size:cover;background-size:cover;padding: 0px 0px 0px 0px;\"><div style=\"text-align:center;\"><span class=\" fusion-imageframe imageframe-none imageframe-1 hover-type-zoomin\" style=\"border-radius:50%;\"><img decoding=\"async\" width=\"240\" height=\"240\" title=\"1-4-3\" src=\"https:\/\/www.eraegitim.com\/en\/wp-content\/uploads\/2021\/09\/1-4-3.jpg\" data-orig-src=\"http:\/\/www.eraegitim.com\/en\/wp-content\/uploads\/2021\/09\/1-4-3.jpg\" class=\"lazyload img-responsive wp-image-1394\" srcset=\"data:image\/svg+xml,%3Csvg%20xmlns%3D%27http%3A%2F%2Fwww.w3.org%2F2000%2Fsvg%27%20width%3D%27240%27%20height%3D%27240%27%20viewBox%3D%270%200%20240%20240%27%3E%3Crect%20width%3D%27240%27%20height%3D%27240%27%20fill-opacity%3D%220%22%2F%3E%3C%2Fsvg%3E\" data-srcset=\"https:\/\/www.eraegitim.com\/en\/wp-content\/uploads\/2021\/09\/1-4-3-200x200.jpg 200w, https:\/\/www.eraegitim.com\/en\/wp-content\/uploads\/2021\/09\/1-4-3.jpg 240w\" data-sizes=\"auto\" data-orig-sizes=\"(max-width: 1024px) 100vw, (max-width: 640px) 100vw, 240px\" \/><\/span><\/div><\/div><style type=\"text\/css\">.fusion-body .fusion-builder-column-1{width:25% !important;margin-top : 0px;margin-bottom : 0px;}.fusion-builder-column-1 > .fusion-column-wrapper {padding-top : 0px !important;padding-right : 0px !important;margin-right : 7.68%;padding-bottom : 0px !important;padding-left : 0px !important;margin-left : 7.68%;}@media only screen and (max-width:1024px) {.fusion-body .fusion-builder-column-1{width:100% !important;order : 0;}.fusion-builder-column-1 > .fusion-column-wrapper {margin-right : 1.92%;margin-left : 1.92%;}}@media only screen and (max-width:640px) {.fusion-body .fusion-builder-column-1{width:100% !important;order : 0;}.fusion-builder-column-1 > .fusion-column-wrapper {margin-right : 1.92%;margin-left : 1.92%;}}<\/style><\/div><\/div><style type=\"text\/css\">.fusion-body .fusion-flex-container.fusion-builder-row-1{ padding-top : ;margin-top : 0px;padding-right : ;padding-bottom : ;margin-bottom : 0px;padding-left : ;}<\/style><\/div>\n","protected":false},"excerpt":{"rendered":"","protected":false},"author":2,"featured_media":0,"parent":1393,"menu_order":0,"comment_status":"closed","ping_status":"closed","template":"","meta":{"footnotes":""},"class_list":["post-2945","page","type-page","status-publish","hentry"],"_links":{"self":[{"href":"https:\/\/www.eraegitim.com\/en\/wp-json\/wp\/v2\/pages\/2945","targetHints":{"allow":["GET"]}}],"collection":[{"href":"https:\/\/www.eraegitim.com\/en\/wp-json\/wp\/v2\/pages"}],"about":[{"href":"https:\/\/www.eraegitim.com\/en\/wp-json\/wp\/v2\/types\/page"}],"author":[{"embeddable":true,"href":"https:\/\/www.eraegitim.com\/en\/wp-json\/wp\/v2\/users\/2"}],"replies":[{"embeddable":true,"href":"https:\/\/www.eraegitim.com\/en\/wp-json\/wp\/v2\/comments?post=2945"}],"version-history":[{"count":1,"href":"https:\/\/www.eraegitim.com\/en\/wp-json\/wp\/v2\/pages\/2945\/revisions"}],"predecessor-version":[{"id":2946,"href":"https:\/\/www.eraegitim.com\/en\/wp-json\/wp\/v2\/pages\/2945\/revisions\/2946"}],"up":[{"embeddable":true,"href":"https:\/\/www.eraegitim.com\/en\/wp-json\/wp\/v2\/pages\/1393"}],"wp:attachment":[{"href":"https:\/\/www.eraegitim.com\/en\/wp-json\/wp\/v2\/media?parent=2945"}],"curies":[{"name":"wp","href":"https:\/\/api.w.org\/{rel}","templated":true}]}}