{"id":1415,"date":"2021-09-21T11:57:47","date_gmt":"2021-09-21T08:57:47","guid":{"rendered":"http:\/\/www.eraegitim.com\/eranewsite\/?page_id=1415"},"modified":"2022-02-10T12:27:38","modified_gmt":"2022-02-10T09:27:38","slug":"kriz-donemlerinde-resilience-esneklik","status":"publish","type":"page","link":"http:\/\/www.eraegitim.com\/en\/hedefe-goturen-egitimler\/2021-yeni-programlarimiz\/kriz-donemlerinde-resilience-esneklik\/","title":{"rendered":"Resilience in Times of Crisis"},"content":{"rendered":"<div class=\"fusion-fullwidth fullwidth-box fusion-builder-row-1 fusion-flex-container nonhundred-percent-fullwidth non-hundred-percent-height-scrolling\" style=\"background-color: rgba(255,255,255,0);background-position: center center;background-repeat: no-repeat;border-width: 0px 0px 0px 0px;border-color:#eae9e9;border-style:solid;\" ><div class=\"fusion-builder-row fusion-row fusion-flex-align-items-flex-start\" style=\"max-width:1185.6px;margin-left: calc(-4% \/ 2 );margin-right: calc(-4% \/ 2 );\"><div class=\"fusion-layout-column fusion_builder_column fusion-builder-column-0 fusion_builder_column_3_4 3_4 fusion-flex-column\"><div class=\"fusion-column-wrapper fusion-flex-justify-content-flex-start fusion-content-layout-column\" style=\"background-position:left top;background-repeat:no-repeat;-webkit-background-size:cover;-moz-background-size:cover;-o-background-size:cover;background-size:cover;padding: 0px 0px 0px 0px;\"><div class=\"fusion-text fusion-text-1\"><h2>Targeted Competencies<\/h2>\n<p>Self management<\/p>\n<p>Openness to change<\/p>\n<p>Flexibility<\/p>\n<p>Self-development<\/p>\n<h2>Contents<\/h2>\n<p>The demand and dilemma of our time: constant change and adaptation<\/p>\n<p>Change brings: uncertainty and 3B space<\/p>\n<p>Three phases of meeting change and resilience: preparation-avoidance-adaptation<\/p>\n<p>How does our brain handle resilience and not giving up?<\/p>\n<p>Self-management and resilience to change and uncertainty<\/p>\n<p>Being flexible: doing? to be? mediative brain exercise<\/p>\n<p>Our roles and potential to adapt with flexibility and not giving up<\/p>\n<p>Emotional and intellectual investments for resilience<\/p>\n<p>Supportive behavioral patterns towards adapting to resilience<\/p>\n<p>Supportive behavioral patterns for resilience and not giving up<\/p>\n<p>The most important obstacles to resilience and not giving up: Stressors and their causes<\/p>\n<p>Basic premise: All human<\/p>\n<p>Create an action plan<\/p>\n<p>In our training sessions, adult learning system supported training methodology is applied through case studies, personal exercises, group exercises, role playing, discussions, psychometric tests and games to ensure the highest retention in participants.<\/p>\n<h2>Pre-Training<\/h2>\n<p><strong>Static Analysis<\/strong><\/p>\n<p>Inventory studies<\/p>\n<p>Pulse surveys<\/p>\n<p><strong>Dynamic Analysis<\/strong><\/p>\n<p>Interviews with senior management<\/p>\n<p>Focus groups<\/p>\n<p><strong>Participant pre<\/strong><strong>-work<\/strong><\/p>\n<p><strong>Reading materials, mini videos<\/strong><\/p>\n<h2>During Training<\/h2>\n<p>In our training sessions, adult learning methodology is applied through case studies, personal exercises, group exercises, role playing, discussions, psychometric tests and games in order to provide the highest learning in the participants.<\/p>\n<h2>Post-Training<\/h2>\n<p>Reading materials and videos are provided in order to support internalizing and applying the training subject.<\/p>\n<p>Tools<\/p>\n<ul>\n<li>Development Roundtables and Action Planning<\/li>\n<li>Telephone Coaching &#8211; Turning Learning Into Action &#8220;TLA&#8221;<\/li>\n<li>Shadow Coaching<\/li>\n<li>One-on-one Follow-up Coaching<\/li>\n<\/ul>\n<p><strong>Development Roundtables and Action Planning<\/strong><strong>: <\/strong><\/p>\n<p>Action Planning is the planning of actions to be made after training to make use of the training subject. This is done separately by each participant who implement the new behaviors.<\/p>\n<p>About one month after training, the participant and the trainer get together again in a Development Roundtable session to review the successes and challenges during this month. This includes:<\/p>\n<ul>\n<li>What was implemented, what was not implemented and why<\/li>\n<li>Working on participants&#8217; actual work cases<\/li>\n<li>Feedback on action plans<\/li>\n<\/ul>\n<p>Development of new action plans<\/p>\n<p><strong>Telephone Coaching &#8211; Turning Learning Into Action &#8220;TLA&#8221;<\/strong><strong>: <\/strong><\/p>\n<p>Consists of three monthly half-hour telephone coaching sessions which support participants after training in three development areas. Each participant determines their own development areas and defines the corresponding action plans.<\/p>\n<p>After the sessions are completed, the results are reported.<\/p>\n<p><strong>Shadow Coaching: <\/strong><\/p>\n<p>The coach accompanies the participant in the job environment, makes observations and provides feedback regarding especially development areas.<\/p>\n<p>The participant is provided with increased awareness and is able to implement actions and reach goals more easily.<\/p>\n<p><strong>One-on-one Follow-up Coaching: <\/strong><\/p>\n<p>Consists of coaching sessions on development areas which are based on the participant&#8217;s actual work cases.<\/p>\n<\/div><div class=\"fusion-text fusion-text-2\"><h2>Might also be interested in:<\/h2>\n<\/div><div style=\"text-align:left;\"><style type=\"text\/css\">.fusion-button.button-1 {border-radius:25px;}.fusion-button.button-1 .fusion-button-text {text-transform:uppercase;}<\/style><a class=\"fusion-button button-flat fusion-button-default-size button-default button-1 fusion-button-default-span fusion-button-default-type\" target=\"_self\" href=\"http:\/\/www.eraegitim.com\/en\/hedefe-goturen-egitimler\/potansiyelin-kesfi-ve-potansiyelle-bulusma\/941-2\/\"><span class=\"fusion-button-text\">My Potent\u0131al: I am Aware and Mot\u0131vated! <\/span><\/a><\/div><div style=\"text-align:left;\"><style type=\"text\/css\">.fusion-button.button-2 {border-radius:25px;}.fusion-button.button-2 .fusion-button-text {text-transform:uppercase;}<\/style><a class=\"fusion-button button-flat fusion-button-default-size button-default button-2 fusion-button-default-span fusion-button-default-type\" target=\"_self\" href=\"http:\/\/www.eraegitim.com\/en\/hedefe-goturen-egitimler\/potansiyelin-kesfi-ve-potansiyelle-bulusma\/norobilimle-degisim-yonetimi\/\"><span class=\"fusion-button-text\">Change Management w\u0131th Neurosc\u0131ence<\/span><\/a><\/div><div style=\"text-align:left;\"><style type=\"text\/css\">.fusion-button.button-3 {border-radius:25px;}.fusion-button.button-3 .fusion-button-text {text-transform:uppercase;}<\/style><a class=\"fusion-button button-flat fusion-button-default-size button-default button-3 fusion-button-default-span fusion-button-default-type\" target=\"_self\" href=\"http:\/\/www.eraegitim.com\/en\/hedefe-goturen-egitimler\/potansiyelin-kesfi-ve-potansiyelle-bulusma\/duygusal-ve-sosyal-zeka-ile-etki-yaratma\/\"><span class=\"fusion-button-text\">Influenc\u0131ng w\u0131th Emot\u0131onal and Soc\u0131al Intell\u0131gence<\/span><\/a><\/div><\/div><style type=\"text\/css\">.fusion-body .fusion-builder-column-0{width:75% !important;margin-top : 0px;margin-bottom : 0px;}.fusion-builder-column-0 > .fusion-column-wrapper {padding-top : 0px !important;padding-right : 0px !important;margin-right : 2.56%;padding-bottom : 0px !important;padding-left : 0px !important;margin-left : 2.56%;}@media only screen and (max-width:1024px) {.fusion-body .fusion-builder-column-0{width:100% !important;order : 0;}.fusion-builder-column-0 > .fusion-column-wrapper {margin-right : 1.92%;margin-left : 1.92%;}}@media only screen and (max-width:640px) {.fusion-body .fusion-builder-column-0{width:100% !important;order : 0;}.fusion-builder-column-0 > .fusion-column-wrapper {margin-right : 1.92%;margin-left : 1.92%;}}<\/style><\/div><div class=\"fusion-layout-column fusion_builder_column fusion-builder-column-1 fusion_builder_column_1_4 1_4 fusion-flex-column\"><div class=\"fusion-column-wrapper fusion-flex-justify-content-flex-start fusion-content-layout-column\" style=\"background-position:left top;background-repeat:no-repeat;-webkit-background-size:cover;-moz-background-size:cover;-o-background-size:cover;background-size:cover;padding: 0px 0px 0px 0px;\"><div style=\"text-align:center;\"><span class=\" fusion-imageframe imageframe-none imageframe-1 hover-type-zoomin\" style=\"border-radius:50%;\"><img decoding=\"async\" width=\"240\" height=\"240\" title=\"Belirsizli\u011fe ve Esnekli\u011fe Sahip\" src=\"http:\/\/www.eraegitim.com\/en\/wp-content\/uploads\/2021\/09\/Belirsizlige-ve-Esneklige-Sahip.jpg\" data-orig-src=\"http:\/\/www.eraegitim.com\/en\/wp-content\/uploads\/2021\/09\/Belirsizlige-ve-Esneklige-Sahip.jpg\" class=\"lazyload img-responsive wp-image-1147\" srcset=\"data:image\/svg+xml,%3Csvg%20xmlns%3D%27http%3A%2F%2Fwww.w3.org%2F2000%2Fsvg%27%20width%3D%27240%27%20height%3D%27240%27%20viewBox%3D%270%200%20240%20240%27%3E%3Crect%20width%3D%27240%27%20height%3D%27240%27%20fill-opacity%3D%220%22%2F%3E%3C%2Fsvg%3E\" data-srcset=\"http:\/\/www.eraegitim.com\/en\/wp-content\/uploads\/2021\/09\/Belirsizlige-ve-Esneklige-Sahip-200x200.jpg 200w, http:\/\/www.eraegitim.com\/en\/wp-content\/uploads\/2021\/09\/Belirsizlige-ve-Esneklige-Sahip.jpg 240w\" data-sizes=\"auto\" data-orig-sizes=\"(max-width: 1024px) 100vw, (max-width: 640px) 100vw, 240px\" \/><\/span><\/div><\/div><style type=\"text\/css\">.fusion-body .fusion-builder-column-1{width:25% !important;margin-top : 0px;margin-bottom : 0px;}.fusion-builder-column-1 > .fusion-column-wrapper {padding-top : 0px !important;padding-right : 0px !important;margin-right : 7.68%;padding-bottom : 0px !important;padding-left : 0px !important;margin-left : 7.68%;}@media only screen and (max-width:1024px) {.fusion-body .fusion-builder-column-1{width:100% !important;order : 0;}.fusion-builder-column-1 > .fusion-column-wrapper {margin-right : 1.92%;margin-left : 1.92%;}}@media only screen and (max-width:640px) {.fusion-body .fusion-builder-column-1{width:100% !important;order : 0;}.fusion-builder-column-1 > .fusion-column-wrapper {margin-right : 1.92%;margin-left : 1.92%;}}<\/style><\/div><\/div><style type=\"text\/css\">.fusion-body .fusion-flex-container.fusion-builder-row-1{ padding-top : ;margin-top : 0px;padding-right : ;padding-bottom : ;margin-bottom : 0px;padding-left : ;}<\/style><\/div>\n","protected":false},"excerpt":{"rendered":"","protected":false},"author":2,"featured_media":0,"parent":1411,"menu_order":0,"comment_status":"closed","ping_status":"closed","template":"","meta":{"footnotes":""},"class_list":["post-1415","page","type-page","status-publish","hentry"],"_links":{"self":[{"href":"http:\/\/www.eraegitim.com\/en\/wp-json\/wp\/v2\/pages\/1415","targetHints":{"allow":["GET"]}}],"collection":[{"href":"http:\/\/www.eraegitim.com\/en\/wp-json\/wp\/v2\/pages"}],"about":[{"href":"http:\/\/www.eraegitim.com\/en\/wp-json\/wp\/v2\/types\/page"}],"author":[{"embeddable":true,"href":"http:\/\/www.eraegitim.com\/en\/wp-json\/wp\/v2\/users\/2"}],"replies":[{"embeddable":true,"href":"http:\/\/www.eraegitim.com\/en\/wp-json\/wp\/v2\/comments?post=1415"}],"version-history":[{"count":7,"href":"http:\/\/www.eraegitim.com\/en\/wp-json\/wp\/v2\/pages\/1415\/revisions"}],"predecessor-version":[{"id":2671,"href":"http:\/\/www.eraegitim.com\/en\/wp-json\/wp\/v2\/pages\/1415\/revisions\/2671"}],"up":[{"embeddable":true,"href":"http:\/\/www.eraegitim.com\/en\/wp-json\/wp\/v2\/pages\/1411"}],"wp:attachment":[{"href":"http:\/\/www.eraegitim.com\/en\/wp-json\/wp\/v2\/media?parent=1415"}],"curies":[{"name":"wp","href":"https:\/\/api.w.org\/{rel}","templated":true}]}}