{"id":1411,"date":"2021-09-21T11:51:51","date_gmt":"2021-09-21T08:51:51","guid":{"rendered":"http:\/\/www.eraegitim.com\/eranewsite\/?page_id=1411"},"modified":"2025-09-10T11:50:09","modified_gmt":"2025-09-10T08:50:09","slug":"2021-yeni-programlarimiz","status":"publish","type":"page","link":"http:\/\/www.eraegitim.com\/en\/hedefe-goturen-egitimler\/2021-yeni-programlarimiz\/","title":{"rendered":"New Programs"},"content":{"rendered":"<div class=\"fusion-fullwidth fullwidth-box fusion-builder-row-1 fusion-flex-container nonhundred-percent-fullwidth non-hundred-percent-height-scrolling\" style=\"background-color: rgba(255,255,255,0);background-position: center center;background-repeat: no-repeat;border-width: 0px 0px 0px 0px;border-color:#eae9e9;border-style:solid;\" ><div class=\"fusion-builder-row fusion-row fusion-flex-align-items-flex-start\" style=\"max-width:1185.6px;margin-left: calc(-4% \/ 2 );margin-right: calc(-4% \/ 2 );\"><div class=\"fusion-layout-column fusion_builder_column fusion-builder-column-0 fusion_builder_column_1_4 1_4 fusion-flex-column\"><div class=\"fusion-column-wrapper fusion-flex-justify-content-flex-start fusion-content-layout-column\" style=\"background-position:left top;background-repeat:no-repeat;-webkit-background-size:cover;-moz-background-size:cover;-o-background-size:cover;background-size:cover;padding: 0px 0px 0px 0px;\"><div style=\"text-align:center;\"><span class=\" fusion-imageframe imageframe-none imageframe-1 hover-type-zoomin\" style=\"border-radius:50%;\"><img decoding=\"async\" width=\"240\" height=\"240\" title=\"Belirsizli\u011fe ve Esnekli\u011fe Sahip\" src=\"http:\/\/www.eraegitim.com\/en\/wp-content\/uploads\/2021\/09\/Belirsizlige-ve-Esneklige-Sahip.jpg\" data-orig-src=\"http:\/\/www.eraegitim.com\/en\/wp-content\/uploads\/2021\/09\/Belirsizlige-ve-Esneklige-Sahip.jpg\" class=\"lazyload img-responsive wp-image-1147\" srcset=\"data:image\/svg+xml,%3Csvg%20xmlns%3D%27http%3A%2F%2Fwww.w3.org%2F2000%2Fsvg%27%20width%3D%27240%27%20height%3D%27240%27%20viewBox%3D%270%200%20240%20240%27%3E%3Crect%20width%3D%27240%27%20height%3D%27240%27%20fill-opacity%3D%220%22%2F%3E%3C%2Fsvg%3E\" data-srcset=\"http:\/\/www.eraegitim.com\/en\/wp-content\/uploads\/2021\/09\/Belirsizlige-ve-Esneklige-Sahip-200x200.jpg 200w, http:\/\/www.eraegitim.com\/en\/wp-content\/uploads\/2021\/09\/Belirsizlige-ve-Esneklige-Sahip.jpg 240w\" data-sizes=\"auto\" data-orig-sizes=\"(max-width: 1024px) 100vw, (max-width: 640px) 100vw, 240px\" \/><\/span><\/div><div class=\"fusion-text fusion-text-1\"><h4 style=\"text-align: center;\"><a href=\"http:\/\/www.eraegitim.com\/en\/hedefe-goturen-egitimler\/2021-yeni-programlarimiz\/kriz-donemlerinde-resilience-esneklik\/\">Resilience in Times of Crisis<\/a><\/h4>\n<\/div><\/div><style type=\"text\/css\">.fusion-body .fusion-builder-column-0{width:25% !important;margin-top : 0px;margin-bottom : 0px;}.fusion-builder-column-0 > .fusion-column-wrapper {padding-top : 0px !important;padding-right : 0px !important;margin-right : 7.68%;padding-bottom : 0px !important;padding-left : 0px !important;margin-left : 7.68%;}@media only screen and (max-width:1024px) {.fusion-body .fusion-builder-column-0{width:100% !important;order : 0;}.fusion-builder-column-0 > .fusion-column-wrapper {margin-right : 1.92%;margin-left : 1.92%;}}@media only screen and (max-width:640px) {.fusion-body .fusion-builder-column-0{width:100% !important;order : 0;}.fusion-builder-column-0 > .fusion-column-wrapper {margin-right : 1.92%;margin-left : 1.92%;}}<\/style><\/div><div class=\"fusion-layout-column fusion_builder_column fusion-builder-column-1 fusion_builder_column_1_4 1_4 fusion-flex-column\"><div class=\"fusion-column-wrapper fusion-flex-justify-content-flex-start fusion-content-layout-column\" style=\"background-position:left top;background-repeat:no-repeat;-webkit-background-size:cover;-moz-background-size:cover;-o-background-size:cover;background-size:cover;padding: 0px 0px 0px 0px;\"><div style=\"text-align:center;\"><span class=\" fusion-imageframe imageframe-none imageframe-2 hover-type-zoomin\" style=\"border-radius:50%;\"><img decoding=\"async\" width=\"240\" height=\"240\" title=\"1-3-8\" src=\"http:\/\/www.eraegitim.com\/en\/wp-content\/uploads\/2021\/09\/1-3-8.jpg\" data-orig-src=\"http:\/\/www.eraegitim.com\/en\/wp-content\/uploads\/2021\/09\/1-3-8.jpg\" class=\"lazyload img-responsive wp-image-1304\" srcset=\"data:image\/svg+xml,%3Csvg%20xmlns%3D%27http%3A%2F%2Fwww.w3.org%2F2000%2Fsvg%27%20width%3D%27240%27%20height%3D%27240%27%20viewBox%3D%270%200%20240%20240%27%3E%3Crect%20width%3D%27240%27%20height%3D%27240%27%20fill-opacity%3D%220%22%2F%3E%3C%2Fsvg%3E\" data-srcset=\"http:\/\/www.eraegitim.com\/en\/wp-content\/uploads\/2021\/09\/1-3-8-200x200.jpg 200w, http:\/\/www.eraegitim.com\/en\/wp-content\/uploads\/2021\/09\/1-3-8.jpg 240w\" data-sizes=\"auto\" data-orig-sizes=\"(max-width: 1024px) 100vw, (max-width: 640px) 100vw, 240px\" \/><\/span><\/div><div class=\"fusion-text fusion-text-2\"><h4 style=\"text-align: center;\"><a href=\"http:\/\/www.eraegitim.com\/en\/hedefe-goturen-egitimler\/2021-yeni-programlarimiz\/kriz-donemlerinde-is-ortaminda-birbirimizin-mentoru-olmak\/\">Being Each Other&#8217;s Mentors During Crisis<\/a><\/h4>\n<h1 class=\"entry-title fusion-responsive-typography-calculated\" data-fontsize=\"30\" data-lineheight=\"42px\"><\/h1>\n<\/div><\/div><style type=\"text\/css\">.fusion-body .fusion-builder-column-1{width:25% !important;margin-top : 0px;margin-bottom : 0px;}.fusion-builder-column-1 > .fusion-column-wrapper {padding-top : 0px !important;padding-right : 0px !important;margin-right : 7.68%;padding-bottom : 0px !important;padding-left : 0px !important;margin-left : 7.68%;}@media only screen and (max-width:1024px) {.fusion-body .fusion-builder-column-1{width:100% !important;order : 0;}.fusion-builder-column-1 > .fusion-column-wrapper {margin-right : 1.92%;margin-left : 1.92%;}}@media only screen and (max-width:640px) {.fusion-body .fusion-builder-column-1{width:100% !important;order : 0;}.fusion-builder-column-1 > .fusion-column-wrapper {margin-right : 1.92%;margin-left : 1.92%;}}<\/style><\/div><div class=\"fusion-layout-column fusion_builder_column fusion-builder-column-2 fusion_builder_column_1_4 1_4 fusion-flex-column\"><div class=\"fusion-column-wrapper fusion-flex-justify-content-flex-start fusion-content-layout-column\" style=\"background-position:left top;background-repeat:no-repeat;-webkit-background-size:cover;-moz-background-size:cover;-o-background-size:cover;background-size:cover;padding: 0px 0px 0px 0px;\"><div style=\"text-align:center;\"><span class=\" fusion-imageframe imageframe-none imageframe-3 hover-type-zoomin\" style=\"border-radius:50%;\"><img decoding=\"async\" width=\"240\" height=\"240\" title=\"Kahkaha Yogas\u0131\" src=\"http:\/\/www.eraegitim.com\/en\/wp-content\/uploads\/2021\/09\/Kahkaha-Yogasi.jpg\" data-orig-src=\"http:\/\/www.eraegitim.com\/en\/wp-content\/uploads\/2021\/09\/Kahkaha-Yogasi.jpg\" class=\"lazyload img-responsive wp-image-1148\" srcset=\"data:image\/svg+xml,%3Csvg%20xmlns%3D%27http%3A%2F%2Fwww.w3.org%2F2000%2Fsvg%27%20width%3D%27240%27%20height%3D%27240%27%20viewBox%3D%270%200%20240%20240%27%3E%3Crect%20width%3D%27240%27%20height%3D%27240%27%20fill-opacity%3D%220%22%2F%3E%3C%2Fsvg%3E\" data-srcset=\"http:\/\/www.eraegitim.com\/en\/wp-content\/uploads\/2021\/09\/Kahkaha-Yogasi-200x200.jpg 200w, http:\/\/www.eraegitim.com\/en\/wp-content\/uploads\/2021\/09\/Kahkaha-Yogasi.jpg 240w\" data-sizes=\"auto\" data-orig-sizes=\"(max-width: 1024px) 100vw, (max-width: 640px) 100vw, 240px\" \/><\/span><\/div><div class=\"fusion-text fusion-text-3\"><h4 style=\"text-align: center;\"><a href=\"http:\/\/www.eraegitim.com\/en\/hedefe-goturen-egitimler\/2021-yeni-programlarimiz\/duygusal-ceviklik\/\">Emotional Agility<\/a><\/h4>\n<\/div><\/div><style type=\"text\/css\">.fusion-body .fusion-builder-column-2{width:25% !important;margin-top : 0px;margin-bottom : 0px;}.fusion-builder-column-2 > .fusion-column-wrapper {padding-top : 0px !important;padding-right : 0px !important;margin-right : 7.68%;padding-bottom : 0px !important;padding-left : 0px !important;margin-left : 7.68%;}@media only screen and (max-width:1024px) {.fusion-body .fusion-builder-column-2{width:100% !important;order : 0;}.fusion-builder-column-2 > .fusion-column-wrapper {margin-right : 1.92%;margin-left : 1.92%;}}@media only screen and (max-width:640px) {.fusion-body .fusion-builder-column-2{width:100% !important;order : 0;}.fusion-builder-column-2 > .fusion-column-wrapper {margin-right : 1.92%;margin-left : 1.92%;}}<\/style><\/div><div class=\"fusion-layout-column fusion_builder_column fusion-builder-column-3 fusion_builder_column_1_4 1_4 fusion-flex-column\"><div class=\"fusion-column-wrapper fusion-flex-justify-content-flex-start fusion-content-layout-column\" style=\"background-position:left top;background-repeat:no-repeat;-webkit-background-size:cover;-moz-background-size:cover;-o-background-size:cover;background-size:cover;padding: 0px 0px 0px 0px;\"><div style=\"text-align:center;\"><span class=\" fusion-imageframe imageframe-none imageframe-4 hover-type-zoomin\" style=\"border-radius:50%;\"><img decoding=\"async\" width=\"240\" height=\"240\" title=\"1-3-2\" src=\"http:\/\/www.eraegitim.com\/en\/wp-content\/uploads\/2021\/09\/1-3-2.jpg\" data-orig-src=\"http:\/\/www.eraegitim.com\/en\/wp-content\/uploads\/2021\/09\/1-3-2.jpg\" class=\"lazyload img-responsive wp-image-1298\" srcset=\"data:image\/svg+xml,%3Csvg%20xmlns%3D%27http%3A%2F%2Fwww.w3.org%2F2000%2Fsvg%27%20width%3D%27240%27%20height%3D%27240%27%20viewBox%3D%270%200%20240%20240%27%3E%3Crect%20width%3D%27240%27%20height%3D%27240%27%20fill-opacity%3D%220%22%2F%3E%3C%2Fsvg%3E\" data-srcset=\"http:\/\/www.eraegitim.com\/en\/wp-content\/uploads\/2021\/09\/1-3-2-200x200.jpg 200w, http:\/\/www.eraegitim.com\/en\/wp-content\/uploads\/2021\/09\/1-3-2.jpg 240w\" data-sizes=\"auto\" data-orig-sizes=\"(max-width: 1024px) 100vw, (max-width: 640px) 100vw, 240px\" \/><\/span><\/div><div class=\"fusion-text fusion-text-4\"><h4 style=\"text-align: center;\"><a href=\"https:\/\/www.eraegitim.com\/en\/hedefe-goturen-egitimler\/2021-yeni-programlarimiz\/resilient-leader\/\"><u>Resilient Leader<\/u><\/a><\/h4>\n<\/div><\/div><style type=\"text\/css\">.fusion-body .fusion-builder-column-3{width:25% !important;margin-top : 0px;margin-bottom : 0px;}.fusion-builder-column-3 > .fusion-column-wrapper {padding-top : 0px !important;padding-right : 0px !important;margin-right : 7.68%;padding-bottom : 0px !important;padding-left : 0px !important;margin-left : 7.68%;}@media only screen and (max-width:1024px) {.fusion-body .fusion-builder-column-3{width:100% !important;order : 0;}.fusion-builder-column-3 > .fusion-column-wrapper {margin-right : 1.92%;margin-left : 1.92%;}}@media only screen and (max-width:640px) {.fusion-body .fusion-builder-column-3{width:100% !important;order : 0;}.fusion-builder-column-3 > .fusion-column-wrapper {margin-right : 1.92%;margin-left : 1.92%;}}<\/style><\/div><div class=\"fusion-layout-column fusion_builder_column fusion-builder-column-4 fusion_builder_column_1_4 1_4 fusion-flex-column\"><div class=\"fusion-column-wrapper fusion-flex-justify-content-flex-start fusion-content-layout-column\" style=\"background-position:left top;background-repeat:no-repeat;-webkit-background-size:cover;-moz-background-size:cover;-o-background-size:cover;background-size:cover;padding: 0px 0px 0px 0px;\"><div style=\"text-align:center;\"><span class=\" fusion-imageframe imageframe-none imageframe-5 hover-type-zoomin\" style=\"border-radius:50%;\"><img decoding=\"async\" width=\"240\" height=\"240\" title=\"1-3-7\" src=\"http:\/\/www.eraegitim.com\/en\/wp-content\/uploads\/2021\/09\/1-3-7.jpg\" data-orig-src=\"http:\/\/www.eraegitim.com\/en\/wp-content\/uploads\/2021\/09\/1-3-7.jpg\" class=\"lazyload img-responsive wp-image-1303\" srcset=\"data:image\/svg+xml,%3Csvg%20xmlns%3D%27http%3A%2F%2Fwww.w3.org%2F2000%2Fsvg%27%20width%3D%27240%27%20height%3D%27240%27%20viewBox%3D%270%200%20240%20240%27%3E%3Crect%20width%3D%27240%27%20height%3D%27240%27%20fill-opacity%3D%220%22%2F%3E%3C%2Fsvg%3E\" data-srcset=\"http:\/\/www.eraegitim.com\/en\/wp-content\/uploads\/2021\/09\/1-3-7-200x200.jpg 200w, http:\/\/www.eraegitim.com\/en\/wp-content\/uploads\/2021\/09\/1-3-7.jpg 240w\" data-sizes=\"auto\" data-orig-sizes=\"(max-width: 1024px) 100vw, (max-width: 640px) 100vw, 240px\" \/><\/span><\/div><div class=\"fusion-text fusion-text-5\"><h4 class=\"fusion-responsive-typography-calculated\" style=\"text-align: center;\" data-fontsize=\"18\" data-lineheight=\"27px\"><a href=\"http:\/\/www.eraegitim.com\/en\/hedefe-goturen-egitimler\/2021-yeni-programlarimiz\/is-hayatinda-turkiye-kosullarinda-genc-insan-yetistirmek-ve-duygusal-ortaklik\/\">Emotional Partnership and Raising \u201cYoung Person\u201d in Turkish Conditions in Business Life<\/a><\/h4>\n<\/div><\/div><style type=\"text\/css\">.fusion-body .fusion-builder-column-4{width:25% !important;margin-top : 0px;margin-bottom : 0px;}.fusion-builder-column-4 > .fusion-column-wrapper {padding-top : 0px !important;padding-right : 0px !important;margin-right : 7.68%;padding-bottom : 0px !important;padding-left : 0px !important;margin-left : 7.68%;}@media only screen and (max-width:1024px) {.fusion-body .fusion-builder-column-4{width:100% !important;order : 0;}.fusion-builder-column-4 > .fusion-column-wrapper {margin-right : 1.92%;margin-left : 1.92%;}}@media only screen and (max-width:640px) {.fusion-body .fusion-builder-column-4{width:100% !important;order : 0;}.fusion-builder-column-4 > .fusion-column-wrapper {margin-right : 1.92%;margin-left : 1.92%;}}<\/style><\/div><div class=\"fusion-layout-column fusion_builder_column fusion-builder-column-5 fusion_builder_column_1_4 1_4 fusion-flex-column\"><div class=\"fusion-column-wrapper fusion-flex-justify-content-flex-start fusion-content-layout-column\" style=\"background-position:left top;background-repeat:no-repeat;-webkit-background-size:cover;-moz-background-size:cover;-o-background-size:cover;background-size:cover;padding: 0px 0px 0px 0px;\"><div style=\"text-align:center;\"><span class=\" fusion-imageframe imageframe-none imageframe-6 hover-type-zoomin\" style=\"border-radius:50%;\"><img decoding=\"async\" width=\"240\" height=\"240\" title=\"n\u00f6robilimle De\u011fi\u015fim\" src=\"http:\/\/www.eraegitim.com\/en\/wp-content\/uploads\/2021\/09\/norobilimle-Degisim.jpg\" data-orig-src=\"http:\/\/www.eraegitim.com\/en\/wp-content\/uploads\/2021\/09\/norobilimle-Degisim.jpg\" class=\"lazyload img-responsive wp-image-1140\" srcset=\"data:image\/svg+xml,%3Csvg%20xmlns%3D%27http%3A%2F%2Fwww.w3.org%2F2000%2Fsvg%27%20width%3D%27240%27%20height%3D%27240%27%20viewBox%3D%270%200%20240%20240%27%3E%3Crect%20width%3D%27240%27%20height%3D%27240%27%20fill-opacity%3D%220%22%2F%3E%3C%2Fsvg%3E\" data-srcset=\"http:\/\/www.eraegitim.com\/en\/wp-content\/uploads\/2021\/09\/norobilimle-Degisim-200x200.jpg 200w, http:\/\/www.eraegitim.com\/en\/wp-content\/uploads\/2021\/09\/norobilimle-Degisim.jpg 240w\" data-sizes=\"auto\" data-orig-sizes=\"(max-width: 1024px) 100vw, (max-width: 640px) 100vw, 240px\" \/><\/span><\/div><div class=\"fusion-text fusion-text-6\"><h4 style=\"text-align: center;\"><a href=\"http:\/\/www.eraegitim.com\/en\/hedefe-goturen-egitimler\/2021-yeni-programlarimiz\/liderlikte-keskinlikten-ceviklige-dogru-rigidity-to-agility\/\">Rigidity To Agility in Leadership<\/a><\/h4>\n<h4 style=\"text-align: center;\"><\/h4>\n<\/div><\/div><style type=\"text\/css\">.fusion-body .fusion-builder-column-5{width:25% !important;margin-top : 0px;margin-bottom : 0px;}.fusion-builder-column-5 > .fusion-column-wrapper {padding-top : 0px !important;padding-right : 0px !important;margin-right : 7.68%;padding-bottom : 0px !important;padding-left : 0px !important;margin-left : 7.68%;}@media only screen and (max-width:1024px) {.fusion-body .fusion-builder-column-5{width:100% !important;order : 0;}.fusion-builder-column-5 > .fusion-column-wrapper {margin-right : 1.92%;margin-left : 1.92%;}}@media only screen and (max-width:640px) {.fusion-body .fusion-builder-column-5{width:100% !important;order : 0;}.fusion-builder-column-5 > .fusion-column-wrapper {margin-right : 1.92%;margin-left : 1.92%;}}<\/style><\/div><div class=\"fusion-layout-column fusion_builder_column fusion-builder-column-6 fusion_builder_column_1_4 1_4 fusion-flex-column\"><div class=\"fusion-column-wrapper fusion-flex-justify-content-flex-start fusion-content-layout-column\" style=\"background-position:left top;background-repeat:no-repeat;-webkit-background-size:cover;-moz-background-size:cover;-o-background-size:cover;background-size:cover;padding: 0px 0px 0px 0px;\"><div style=\"text-align:center;\"><span class=\" fusion-imageframe imageframe-none imageframe-7 hover-type-zoomin\" style=\"border-radius:50%;\"><img decoding=\"async\" width=\"240\" height=\"240\" title=\"1-3-6\" src=\"http:\/\/www.eraegitim.com\/en\/wp-content\/uploads\/2021\/09\/1-3-6.jpg\" data-orig-src=\"http:\/\/www.eraegitim.com\/en\/wp-content\/uploads\/2021\/09\/1-3-6.jpg\" class=\"lazyload img-responsive wp-image-1302\" srcset=\"data:image\/svg+xml,%3Csvg%20xmlns%3D%27http%3A%2F%2Fwww.w3.org%2F2000%2Fsvg%27%20width%3D%27240%27%20height%3D%27240%27%20viewBox%3D%270%200%20240%20240%27%3E%3Crect%20width%3D%27240%27%20height%3D%27240%27%20fill-opacity%3D%220%22%2F%3E%3C%2Fsvg%3E\" data-srcset=\"http:\/\/www.eraegitim.com\/en\/wp-content\/uploads\/2021\/09\/1-3-6-200x200.jpg 200w, http:\/\/www.eraegitim.com\/en\/wp-content\/uploads\/2021\/09\/1-3-6.jpg 240w\" data-sizes=\"auto\" data-orig-sizes=\"(max-width: 1024px) 100vw, (max-width: 640px) 100vw, 240px\" \/><\/span><\/div><div class=\"fusion-text fusion-text-7\"><h4 style=\"text-align: center;\"><a href=\"http:\/\/www.eraegitim.com\/en\/hedefe-goturen-egitimler\/2021-yeni-programlarimiz\/basari-icin-etki-yaratmak\/\">Making Impact For Success<\/a><\/h4>\n<\/div><\/div><style type=\"text\/css\">.fusion-body .fusion-builder-column-6{width:25% !important;margin-top : 0px;margin-bottom : 0px;}.fusion-builder-column-6 > .fusion-column-wrapper {padding-top : 0px !important;padding-right : 0px !important;margin-right : 7.68%;padding-bottom : 0px !important;padding-left : 0px !important;margin-left : 7.68%;}@media only screen and (max-width:1024px) {.fusion-body .fusion-builder-column-6{width:100% !important;order : 0;}.fusion-builder-column-6 > .fusion-column-wrapper {margin-right : 1.92%;margin-left : 1.92%;}}@media only screen and (max-width:640px) {.fusion-body .fusion-builder-column-6{width:100% !important;order : 0;}.fusion-builder-column-6 > .fusion-column-wrapper {margin-right : 1.92%;margin-left : 1.92%;}}<\/style><\/div><div class=\"fusion-layout-column fusion_builder_column fusion-builder-column-7 fusion_builder_column_1_4 1_4 fusion-flex-column\"><div class=\"fusion-column-wrapper fusion-flex-justify-content-flex-start fusion-content-layout-column\" style=\"background-position:left top;background-repeat:no-repeat;-webkit-background-size:cover;-moz-background-size:cover;-o-background-size:cover;background-size:cover;padding: 0px 0px 0px 0px;\"><div style=\"text-align:center;\"><span class=\" fusion-imageframe imageframe-none imageframe-8 hover-type-zoomin\" style=\"border-radius:50%;\"><img decoding=\"async\" width=\"240\" height=\"240\" title=\"Christopher Nevill\" src=\"http:\/\/www.eraegitim.com\/en\/wp-content\/uploads\/2021\/09\/Christopher-Nevill.jpg\" data-orig-src=\"http:\/\/www.eraegitim.com\/en\/wp-content\/uploads\/2021\/09\/Christopher-Nevill.jpg\" class=\"lazyload img-responsive wp-image-1149\" srcset=\"data:image\/svg+xml,%3Csvg%20xmlns%3D%27http%3A%2F%2Fwww.w3.org%2F2000%2Fsvg%27%20width%3D%27240%27%20height%3D%27240%27%20viewBox%3D%270%200%20240%20240%27%3E%3Crect%20width%3D%27240%27%20height%3D%27240%27%20fill-opacity%3D%220%22%2F%3E%3C%2Fsvg%3E\" data-srcset=\"http:\/\/www.eraegitim.com\/en\/wp-content\/uploads\/2021\/09\/Christopher-Nevill-200x200.jpg 200w, http:\/\/www.eraegitim.com\/en\/wp-content\/uploads\/2021\/09\/Christopher-Nevill.jpg 240w\" data-sizes=\"auto\" data-orig-sizes=\"(max-width: 1024px) 100vw, (max-width: 640px) 100vw, 240px\" \/><\/span><\/div><div class=\"fusion-text fusion-text-8\"><h4 style=\"text-align: center;\"><a href=\"http:\/\/www.eraegitim.com\/en\/hedefe-goturen-egitimler\/2021-yeni-programlarimiz\/pozitif-liderligin-gucu\/\">The Power Of Positive Leadership<\/a><\/h4>\n<\/div><\/div><style type=\"text\/css\">.fusion-body .fusion-builder-column-7{width:25% !important;margin-top : 0px;margin-bottom : 0px;}.fusion-builder-column-7 > .fusion-column-wrapper {padding-top : 0px !important;padding-right : 0px !important;margin-right : 7.68%;padding-bottom : 0px !important;padding-left : 0px !important;margin-left : 7.68%;}@media only screen and (max-width:1024px) {.fusion-body .fusion-builder-column-7{width:100% !important;order : 0;}.fusion-builder-column-7 > .fusion-column-wrapper {margin-right : 1.92%;margin-left : 1.92%;}}@media only screen and (max-width:640px) {.fusion-body .fusion-builder-column-7{width:100% !important;order : 0;}.fusion-builder-column-7 > .fusion-column-wrapper {margin-right : 1.92%;margin-left : 1.92%;}}<\/style><\/div><div class=\"fusion-layout-column fusion_builder_column fusion-builder-column-8 fusion_builder_column_1_4 1_4 fusion-flex-column\"><div class=\"fusion-column-wrapper fusion-flex-justify-content-flex-start fusion-content-layout-column\" style=\"background-position:left top;background-repeat:no-repeat;-webkit-background-size:cover;-moz-background-size:cover;-o-background-size:cover;background-size:cover;padding: 0px 0px 0px 0px;\"><div style=\"text-align:center;\"><span class=\" fusion-imageframe imageframe-none imageframe-9 hover-type-zoomin\" style=\"border-radius:50%;\"><img decoding=\"async\" width=\"240\" height=\"240\" title=\"1-3-5\" src=\"http:\/\/www.eraegitim.com\/en\/wp-content\/uploads\/2021\/09\/1-3-5.jpg\" data-orig-src=\"http:\/\/www.eraegitim.com\/en\/wp-content\/uploads\/2021\/09\/1-3-5.jpg\" class=\"lazyload img-responsive wp-image-1301\" srcset=\"data:image\/svg+xml,%3Csvg%20xmlns%3D%27http%3A%2F%2Fwww.w3.org%2F2000%2Fsvg%27%20width%3D%27240%27%20height%3D%27240%27%20viewBox%3D%270%200%20240%20240%27%3E%3Crect%20width%3D%27240%27%20height%3D%27240%27%20fill-opacity%3D%220%22%2F%3E%3C%2Fsvg%3E\" data-srcset=\"http:\/\/www.eraegitim.com\/en\/wp-content\/uploads\/2021\/09\/1-3-5-200x200.jpg 200w, http:\/\/www.eraegitim.com\/en\/wp-content\/uploads\/2021\/09\/1-3-5.jpg 240w\" data-sizes=\"auto\" data-orig-sizes=\"(max-width: 1024px) 100vw, (max-width: 640px) 100vw, 240px\" \/><\/span><\/div><div class=\"fusion-text fusion-text-9\"><h4 style=\"text-align: center;\"><a href=\"https:\/\/www.eraegitim.com\/en\/hedefe-goturen-egitimler\/2021-yeni-programlarimiz\/new-generation-leadership-and-feedforward\/\">New Generation Leadership and Feedforward<\/a><\/h4>\n<\/div><\/div><style type=\"text\/css\">.fusion-body .fusion-builder-column-8{width:25% !important;margin-top : 0px;margin-bottom : 0px;}.fusion-builder-column-8 > .fusion-column-wrapper {padding-top : 0px !important;padding-right : 0px !important;margin-right : 7.68%;padding-bottom : 0px !important;padding-left : 0px !important;margin-left : 7.68%;}@media only screen and (max-width:1024px) {.fusion-body .fusion-builder-column-8{width:100% !important;order : 0;}.fusion-builder-column-8 > .fusion-column-wrapper {margin-right : 1.92%;margin-left : 1.92%;}}@media only screen and (max-width:640px) {.fusion-body .fusion-builder-column-8{width:100% !important;order : 0;}.fusion-builder-column-8 > .fusion-column-wrapper {margin-right : 1.92%;margin-left : 1.92%;}}<\/style><\/div><\/div><style type=\"text\/css\">.fusion-body .fusion-flex-container.fusion-builder-row-1{ padding-top : ;margin-top : 0px;padding-right : ;padding-bottom : ;margin-bottom : 0px;padding-left : ;}<\/style><\/div>\n","protected":false},"excerpt":{"rendered":"","protected":false},"author":2,"featured_media":0,"parent":962,"menu_order":0,"comment_status":"closed","ping_status":"closed","template":"","meta":{"footnotes":""},"class_list":["post-1411","page","type-page","status-publish","hentry"],"_links":{"self":[{"href":"http:\/\/www.eraegitim.com\/en\/wp-json\/wp\/v2\/pages\/1411","targetHints":{"allow":["GET"]}}],"collection":[{"href":"http:\/\/www.eraegitim.com\/en\/wp-json\/wp\/v2\/pages"}],"about":[{"href":"http:\/\/www.eraegitim.com\/en\/wp-json\/wp\/v2\/types\/page"}],"author":[{"embeddable":true,"href":"http:\/\/www.eraegitim.com\/en\/wp-json\/wp\/v2\/users\/2"}],"replies":[{"embeddable":true,"href":"http:\/\/www.eraegitim.com\/en\/wp-json\/wp\/v2\/comments?post=1411"}],"version-history":[{"count":16,"href":"http:\/\/www.eraegitim.com\/en\/wp-json\/wp\/v2\/pages\/1411\/revisions"}],"predecessor-version":[{"id":2993,"href":"http:\/\/www.eraegitim.com\/en\/wp-json\/wp\/v2\/pages\/1411\/revisions\/2993"}],"up":[{"embeddable":true,"href":"http:\/\/www.eraegitim.com\/en\/wp-json\/wp\/v2\/pages\/962"}],"wp:attachment":[{"href":"http:\/\/www.eraegitim.com\/en\/wp-json\/wp\/v2\/media?parent=1411"}],"curies":[{"name":"wp","href":"https:\/\/api.w.org\/{rel}","templated":true}]}}