{"id":1368,"date":"2021-09-21T10:30:33","date_gmt":"2021-09-21T07:30:33","guid":{"rendered":"http:\/\/www.eraegitim.com\/eranewsite\/?page_id=1368"},"modified":"2021-09-21T10:30:43","modified_gmt":"2021-09-21T07:30:43","slug":"algi-anlam-haritalari-ve-iliski-yonetimi","status":"publish","type":"page","link":"http:\/\/www.eraegitim.com\/en\/hedefe-goturen-egitimler\/liderlik-ve-yonetim-programlari\/fun-pratik-cik-disariya-oynayalim-yontemiyle\/algi-anlam-haritalari-ve-iliski-yonetimi\/","title":{"rendered":"Alg\u0131 Anlam Haritalar\u0131 ve \u0130li\u015fki Y\u00f6netimi"},"content":{"rendered":"<div class=\"fusion-fullwidth fullwidth-box fusion-builder-row-1 fusion-flex-container nonhundred-percent-fullwidth non-hundred-percent-height-scrolling\" style=\"background-color: rgba(255,255,255,0);background-position: center center;background-repeat: no-repeat;border-width: 0px 0px 0px 0px;border-color:#eae9e9;border-style:solid;\" ><div class=\"fusion-builder-row fusion-row fusion-flex-align-items-flex-start\" style=\"max-width:1185.6px;margin-left: calc(-4% \/ 2 );margin-right: calc(-4% \/ 2 );\"><div class=\"fusion-layout-column fusion_builder_column fusion-builder-column-0 fusion_builder_column_3_4 3_4 fusion-flex-column\"><div class=\"fusion-column-wrapper fusion-flex-justify-content-flex-start fusion-content-layout-column\" style=\"background-position:left top;background-repeat:no-repeat;-webkit-background-size:cover;-moz-background-size:cover;-o-background-size:cover;background-size:cover;padding: 0px 0px 0px 0px;\"><div class=\"fusion-text fusion-text-1\"><h2>Hedeflenen Yetkinlikler<\/h2>\n<p>Ki\u015fisel sorumluluk alma<\/p>\n<p>B\u00fct\u00fcnl\u00fck (Integrity)<\/p>\n<p>\u0130li\u015fki y\u00f6netimi<\/p>\n<h2>\u0130\u00e7erik<\/h2>\n<p>Bireyde kendisine ve \u00e7al\u0131\u015fma arkada\u015flar\u0131na y\u00f6nelik alg\u0131 ve anlam haritalar\u0131n\u0131n olu\u015fumu ve sebepleri<\/p>\n<p>Bireylerde \u00e7al\u0131\u015fma arkada\u015flar\u0131na kar\u015f\u0131 tutum olu\u015fumu<\/p>\n<p>\u2018\u2019B\u00fct\u00fcn insan kavram\u0131\u2019\u2019 Covey<\/p>\n<p>Yarg\u0131layan-\u00d6\u011frenen zihniyet ve pozitif tutum<\/p>\n<p>Motivasyonel tipolojilerin drama ile canland\u0131r\u0131lmas\u0131 ve tipolojiler i\u00e7in davran\u0131\u015f modelleri \u00e7al\u0131\u015fmalar\u0131: Drama ile uygulama<\/p>\n<p>Ki\u015fisel davran\u0131\u015f analizleri<\/p>\n<p>Eric Berne ve \u00f6zellikle bireylere geri bildirim esnas\u0131nda sonu\u00e7 al\u0131nabilecek ve al\u0131namayacak davran\u0131\u015flar: Drama ile ortak \u00e7al\u0131\u015fma ve sonu\u00e7lar\u0131n birlikte analizi<\/p>\n<p>E\u011fitimlerimizde, kat\u0131l\u0131mc\u0131larda en y\u00fcksek \u00f6\u011frenmeyi sa\u011flamak \u00fczere vaka \u00e7al\u0131\u015fmalar\u0131, ki\u015fisel egzersizler, grup egzersizleri, rol oynama, tart\u0131\u015fmalar, psikometrik testler ve oyunlar arac\u0131l\u0131\u011f\u0131 ile yeti\u015fkin \u00f6\u011frenme sistemi destekli e\u011fitim metodolojisi uygulanmaktad\u0131r.<\/p>\n<h2>E\u011fitim \u00d6ncesi<\/h2>\n<p><strong>Statik analiz<\/strong><\/p>\n<p>Envanter \u00e7al\u0131\u015fmalar\u0131<\/p>\n<p>Nab\u0131z anketleri<\/p>\n<p><strong>Dinamik analiz<\/strong><\/p>\n<p>\u00dcst y\u00f6netim ile g\u00f6r\u00fc\u015fmeler<\/p>\n<p>Fokus grup \u00e7al\u0131\u015fmalar\u0131<\/p>\n<p><strong>E\u011fitimle \u0130lgili Kat\u0131l\u0131mc\u0131 \u00d6n \u00c7al\u0131\u015fmalar\u0131<\/strong><\/p>\n<p>Okuma materyalleri, mini videolar<\/p>\n<h2>E\u011fitim Sonras\u0131<\/h2>\n<p>E\u011fitim sonras\u0131nda, konuyu i\u00e7selle\u015ftirmek ve hayata ge\u00e7irmek i\u00e7in okuma ve izleme materyalleri g\u00f6nderilir.<\/p>\n<p><strong>Geli\u015fim Sohbeti ve Aksiyon Plan\u0131 olu\u015fturma<\/strong><\/p>\n<p>Al\u0131nan e\u011fitimlerden 1 ay sonras\u0131na planlanmak \u00fczere; kat\u0131l\u0131mc\u0131lar\u0131n e\u011fitim konular\u0131n\u0131 hayata ge\u00e7irmeleri, konuyu g\u00fcndemlerinde tutmalar\u0131, geli\u015fim alanlar\u0131nda ilerlemelerini ve pratikte ne kadar uyguland\u0131\u011f\u0131n\u0131 de\u011ferlendirmek ve uygulamalar\u0131n\u0131 desteklemek amac\u0131yla,\u00a0grup sohbetleri yap\u0131lmas\u0131d\u0131r.<\/p>\n<p><strong>Uygulad\u0131\u011f\u0131m\u0131z Model<\/strong><\/p>\n<p>Geli\u015fim sohbeti \u00f6ncesinde: konuyla ilgili \u00f6n okuma \/ izleme g\u00f6nderilmesi<\/p>\n<p>Sohbet S\u0131ras\u0131nda;<\/p>\n<p>Geli\u015fim alanlar\u0131yla ilgili hat\u0131rlatmalar,<\/p>\n<p>Nelerin hayata ge\u00e7ti\u011fi ve nelerin uygulanamad\u0131\u011f\u0131 ve nedenleri ile ilgili de\u011ferlendirmeler ve geli\u015ftirilenlerle ilgili kutlama<\/p>\n<p>Kendi g\u00fcncel vakalar\u0131 ile \u00e7al\u0131\u015fma<\/p>\n<p>Yeni aksiyon planlar\u0131n\u0131n \u00e7\u0131kar\u0131lmas\u0131<\/p>\n<p>Aksiyon planlar\u0131n\u0131n somutla\u015ft\u0131r\u0131lmas\u0131 ve geri bildirim verilmesi<\/p>\n<p><strong>Telefon Ko\u00e7lu\u011fu \u2013 \u00d6\u011frenmeyi Uygulamaya D\u00f6n\u00fc\u015ft\u00fcrme (Turning Learning Into Action &#8220;TLA&#8221;)<\/strong><\/p>\n<p>Al\u0131nan e\u011fitimler sonras\u0131nda, e\u011fitim kapsam\u0131 ile ilgili kat\u0131l\u0131mc\u0131n\u0131n belirledi\u011fi ve geli\u015ftirmeyi hedefledi\u011fi 3 konuda, aksiyon plan\u0131 olu\u015fturmas\u0131 ve bu \u00fc\u00e7 konuyu hayata ge\u00e7irmesi i\u00e7in ayda bir yar\u0131m saat telefon ko\u00e7lu\u011fu g\u00f6r\u00fc\u015fmesi ile desteklenmesi ve sonu\u00e7lar\u0131n raporlanmas\u0131d\u0131r.<\/p>\n<p><strong>G\u00f6lge Ko\u00e7luk<\/strong><\/p>\n<p>Ko\u00e7un, dan\u0131\u015fan\u0131n g\u00fcnl\u00fck \u00e7al\u0131\u015fma ortam\u0131nda bulunarak,\u00a0\u00f6zellikle geli\u015fim alanlar\u0131yla ilgili g\u00f6zlem yapmas\u0131 geri bildirimlerini payla\u015fmas\u0131n\u0131 ve raporlanmas\u0131n\u0131 i\u00e7erir.<\/p>\n<p>Dan\u0131\u015fan\u0131n fark\u0131ndal\u0131\u011f\u0131 artar ve ko\u00e7un g\u00f6zlemleri derinlemesine de\u011ferlendirilir. Dan\u0131\u015fan\u0131n aksiyonlar\u0131n\u0131 ger\u00e7ekle\u015ftirmesi ve hedeflerine ula\u015fmas\u0131 kolayla\u015f\u0131r.<\/p>\n<p><strong>E\u011fitim Sonras\u0131\u00a0Bire-Bir Takip Ko\u00e7lu\u011fu<\/strong><\/p>\n<p>Al\u0131nan e\u011fitimler sonras\u0131nda, kat\u0131l\u0131mc\u0131lar\u0131n kendi belirleyecekleri geli\u015fim alanlar\u0131nda ve konularda, kendi vakalar\u0131 i\u00e7in ko\u00e7luk yap\u0131lmas\u0131<\/p>\n<\/div><\/div><style type=\"text\/css\">.fusion-body .fusion-builder-column-0{width:75% !important;margin-top : 0px;margin-bottom : 0px;}.fusion-builder-column-0 > .fusion-column-wrapper {padding-top : 0px !important;padding-right : 0px !important;margin-right : 2.56%;padding-bottom : 0px !important;padding-left : 0px !important;margin-left : 2.56%;}@media only screen and (max-width:1024px) {.fusion-body .fusion-builder-column-0{width:100% !important;order : 0;}.fusion-builder-column-0 > .fusion-column-wrapper {margin-right : 1.92%;margin-left : 1.92%;}}@media only screen and (max-width:640px) {.fusion-body .fusion-builder-column-0{width:100% !important;order : 0;}.fusion-builder-column-0 > .fusion-column-wrapper {margin-right : 1.92%;margin-left : 1.92%;}}<\/style><\/div><div class=\"fusion-layout-column fusion_builder_column fusion-builder-column-1 fusion_builder_column_1_4 1_4 fusion-flex-column\"><div class=\"fusion-column-wrapper fusion-flex-justify-content-flex-start fusion-content-layout-column\" style=\"background-position:left top;background-repeat:no-repeat;-webkit-background-size:cover;-moz-background-size:cover;-o-background-size:cover;background-size:cover;padding: 0px 0px 0px 0px;\"><div style=\"text-align:center;\"><span class=\" fusion-imageframe imageframe-none imageframe-1 hover-type-zoomin\" style=\"border-radius:50%;\"><img decoding=\"async\" width=\"240\" height=\"240\" title=\"1-3-9\" src=\"http:\/\/www.eraegitim.com\/en\/wp-content\/uploads\/2021\/09\/1-3-9.jpg\" data-orig-src=\"http:\/\/www.eraegitim.com\/en\/wp-content\/uploads\/2021\/09\/1-3-9.jpg\" class=\"lazyload img-responsive wp-image-1305\" srcset=\"data:image\/svg+xml,%3Csvg%20xmlns%3D%27http%3A%2F%2Fwww.w3.org%2F2000%2Fsvg%27%20width%3D%27240%27%20height%3D%27240%27%20viewBox%3D%270%200%20240%20240%27%3E%3Crect%20width%3D%27240%27%20height%3D%27240%27%20fill-opacity%3D%220%22%2F%3E%3C%2Fsvg%3E\" data-srcset=\"http:\/\/www.eraegitim.com\/en\/wp-content\/uploads\/2021\/09\/1-3-9-200x200.jpg 200w, http:\/\/www.eraegitim.com\/en\/wp-content\/uploads\/2021\/09\/1-3-9.jpg 240w\" data-sizes=\"auto\" data-orig-sizes=\"(max-width: 1024px) 100vw, (max-width: 640px) 100vw, 240px\" \/><\/span><\/div><\/div><style type=\"text\/css\">.fusion-body .fusion-builder-column-1{width:25% !important;margin-top : 0px;margin-bottom : 0px;}.fusion-builder-column-1 > .fusion-column-wrapper {padding-top : 0px !important;padding-right : 0px !important;margin-right : 7.68%;padding-bottom : 0px !important;padding-left : 0px !important;margin-left : 7.68%;}@media only screen and (max-width:1024px) {.fusion-body .fusion-builder-column-1{width:100% !important;order : 0;}.fusion-builder-column-1 > .fusion-column-wrapper {margin-right : 1.92%;margin-left : 1.92%;}}@media only screen and (max-width:640px) {.fusion-body .fusion-builder-column-1{width:100% !important;order : 0;}.fusion-builder-column-1 > .fusion-column-wrapper {margin-right : 1.92%;margin-left : 1.92%;}}<\/style><\/div><\/div><style type=\"text\/css\">.fusion-body .fusion-flex-container.fusion-builder-row-1{ padding-top : ;margin-top : 0px;padding-right : ;padding-bottom : ;margin-bottom : 0px;padding-left : ;}<\/style><\/div>\n","protected":false},"excerpt":{"rendered":"","protected":false},"author":2,"featured_media":0,"parent":1353,"menu_order":0,"comment_status":"closed","ping_status":"closed","template":"","meta":{"footnotes":""},"class_list":["post-1368","page","type-page","status-publish","hentry"],"_links":{"self":[{"href":"http:\/\/www.eraegitim.com\/en\/wp-json\/wp\/v2\/pages\/1368","targetHints":{"allow":["GET"]}}],"collection":[{"href":"http:\/\/www.eraegitim.com\/en\/wp-json\/wp\/v2\/pages"}],"about":[{"href":"http:\/\/www.eraegitim.com\/en\/wp-json\/wp\/v2\/types\/page"}],"author":[{"embeddable":true,"href":"http:\/\/www.eraegitim.com\/en\/wp-json\/wp\/v2\/users\/2"}],"replies":[{"embeddable":true,"href":"http:\/\/www.eraegitim.com\/en\/wp-json\/wp\/v2\/comments?post=1368"}],"version-history":[{"count":2,"href":"http:\/\/www.eraegitim.com\/en\/wp-json\/wp\/v2\/pages\/1368\/revisions"}],"predecessor-version":[{"id":1371,"href":"http:\/\/www.eraegitim.com\/en\/wp-json\/wp\/v2\/pages\/1368\/revisions\/1371"}],"up":[{"embeddable":true,"href":"http:\/\/www.eraegitim.com\/en\/wp-json\/wp\/v2\/pages\/1353"}],"wp:attachment":[{"href":"http:\/\/www.eraegitim.com\/en\/wp-json\/wp\/v2\/media?parent=1368"}],"curies":[{"name":"wp","href":"https:\/\/api.w.org\/{rel}","templated":true}]}}