{"id":1353,"date":"2021-09-21T10:08:56","date_gmt":"2021-09-21T07:08:56","guid":{"rendered":"http:\/\/www.eraegitim.com\/eranewsite\/?page_id=1353"},"modified":"2025-09-05T12:20:36","modified_gmt":"2025-09-05T09:20:36","slug":"fun-pratik-cik-disariya-oynayalim-yontemiyle","status":"publish","type":"page","link":"http:\/\/www.eraegitim.com\/en\/hedefe-goturen-egitimler\/liderlik-ve-yonetim-programlari\/fun-pratik-cik-disariya-oynayalim-yontemiyle\/","title":{"rendered":"Funpratik\u00ae Come Out And Play&#8230; \u2013 With Drama Workshop"},"content":{"rendered":"<div class=\"fusion-fullwidth fullwidth-box fusion-builder-row-1 fusion-flex-container nonhundred-percent-fullwidth non-hundred-percent-height-scrolling\" style=\"background-color: rgba(255,255,255,0);background-position: center center;background-repeat: no-repeat;border-width: 0px 0px 0px 0px;border-color:#eae9e9;border-style:solid;\" ><div class=\"fusion-builder-row fusion-row fusion-flex-align-items-flex-start\" style=\"max-width:1185.6px;margin-left: calc(-4% \/ 2 );margin-right: calc(-4% \/ 2 );\"><div class=\"fusion-layout-column fusion_builder_column fusion-builder-column-0 fusion_builder_column_3_4 3_4 fusion-flex-column\"><div class=\"fusion-column-wrapper fusion-flex-justify-content-flex-start fusion-content-layout-column\" style=\"background-position:left top;background-repeat:no-repeat;-webkit-background-size:cover;-moz-background-size:cover;-o-background-size:cover;background-size:cover;padding: 0px 0px 0px 0px;\"><div class=\"fusion-text fusion-text-1\"><p><strong>FunPratik\u00ae\u00a0<\/strong><b>Come<\/b> <b>out<\/b> <b>a<\/b><b>nd<\/b><b>\u00a0 let\u2019s play<\/b>&#8230;<\/p>\n<p><strong>Why?<\/strong><\/p>\n<p>To overcome the results of competitiveness, stress, unhappiness, and lack of efficiency of our times\u2026<\/p>\n<p>It&#8217;s time for our inner child to get out\u2026<\/p>\n<p>Why should our inner child get out?<\/p>\n<p>Because the 21st century adult brain, crushed under information and targets,is overloaded and tends to reject a path of learning without fun and memories\u2026<\/p>\n<p><strong>How?<\/strong><\/p>\n<p>A program to engage one&#8217;s potential with his inner child\u2026<\/p>\n<p>Bringing work life to stage, based on individual and team performances supported by drama professionals, social psychology academicians and senior executives.<\/p>\n<p>Methodology for developing skills for being effective leaders in working life by understanding Behavior Codes.<\/p>\n<\/div><div class=\"fusion-text fusion-text-2\"><h2 class=\"vc_custom_heading modullertext\">Moduls<\/h2>\n<\/div><div style=\"text-align:left;\"><style type=\"text\/css\">.fusion-button.button-1 {border-radius:25px;}.fusion-button.button-1 .fusion-button-text {text-transform:uppercase;}<\/style><a class=\"fusion-button button-flat fusion-button-default-size button-default button-1 fusion-button-default-span fusion-button-default-type\" target=\"_self\" href=\"http:\/\/www.eraegitim.com\/en\/hedefe-goturen-egitimler\/liderlik-ve-yonetim-programlari\/alginin-ve-farkliliklarin-yonetimi\/\"><span class=\"fusion-button-text\">MODUL 1: Manag\u0131ng Percept\u0131ons and D\u0131fferences<\/span><\/a><\/div><div style=\"text-align:left;\"><style type=\"text\/css\">.fusion-button.button-2 {border-radius:25px;}.fusion-button.button-2 .fusion-button-text {text-transform:uppercase;}<\/style><a class=\"fusion-button button-flat fusion-button-default-size button-default button-2 fusion-button-default-span fusion-button-default-type\" target=\"_self\" href=\"http:\/\/www.eraegitim.com\/en\/hedefe-goturen-egitimler\/liderlik-ve-yonetim-programlari\/fun-pratik-cik-disariya-oynayalim-yontemiyle\/yuksek-performansli-ekip-liderligi-ve-surdurulebilir-motivasyon\/\"><span class=\"fusion-button-text\">MODUL 2: H\u0131gh Performance Team Leadersh\u0131p and Susta\u0131nable Mot\u0131vat\u0131on <\/span><\/a><\/div><div style=\"text-align:left;\"><style type=\"text\/css\">.fusion-button.button-3 {border-radius:25px;}.fusion-button.button-3 .fusion-button-text {text-transform:uppercase;}<\/style><a class=\"fusion-button button-flat fusion-button-default-size button-default button-3 fusion-button-default-span fusion-button-default-type\" target=\"_self\" href=\"http:\/\/www.eraegitim.com\/en\/hedefe-goturen-egitimler\/liderlik-ve-yonetim-programlari\/fun-pratik-cik-disariya-oynayalim-yontemiyle\/yaraticilik-ve-yaratici-problem-cozme\/\"><span class=\"fusion-button-text\">MODUL 3: Creat\u0131v\u0131ty and Creat\u0131ve Problem Solv\u0131ng <\/span><\/a><\/div><div style=\"text-align:left;\"><style type=\"text\/css\">.fusion-button.button-4 {border-radius:25px;}.fusion-button.button-4 .fusion-button-text {text-transform:uppercase;}<\/style><a class=\"fusion-button button-flat fusion-button-default-size button-default button-4 fusion-button-default-span fusion-button-default-type\" target=\"_self\" href=\"http:\/\/www.eraegitim.com\/en\/hedefe-goturen-egitimler\/liderlik-ve-yonetim-programlari\/fun-pratik-cik-disariya-oynayalim-yontemiyle\/neuroscientific-funpratik\/\"><span class=\"fusion-button-text\">MODUL 4: Neurosc\u0131ent\u0131f\u0131c FunPrat\u0131k\u00ae<\/span><\/a><\/div><\/div><style type=\"text\/css\">.fusion-body .fusion-builder-column-0{width:75% !important;margin-top : 0px;margin-bottom : 0px;}.fusion-builder-column-0 > .fusion-column-wrapper {padding-top : 0px !important;padding-right : 0px !important;margin-right : 2.56%;padding-bottom : 0px !important;padding-left : 0px !important;margin-left : 2.56%;}@media only screen and (max-width:1024px) {.fusion-body .fusion-builder-column-0{width:100% !important;order : 0;}.fusion-builder-column-0 > .fusion-column-wrapper {margin-right : 1.92%;margin-left : 1.92%;}}@media only screen and (max-width:640px) {.fusion-body .fusion-builder-column-0{width:100% !important;order : 0;}.fusion-builder-column-0 > .fusion-column-wrapper {margin-right : 1.92%;margin-left : 1.92%;}}<\/style><\/div><div class=\"fusion-layout-column fusion_builder_column fusion-builder-column-1 fusion_builder_column_1_4 1_4 fusion-flex-column\"><div class=\"fusion-column-wrapper fusion-flex-justify-content-flex-start fusion-content-layout-column\" style=\"background-position:left top;background-repeat:no-repeat;-webkit-background-size:cover;-moz-background-size:cover;-o-background-size:cover;background-size:cover;padding: 0px 0px 0px 0px;\"><div style=\"text-align:center;\"><span class=\" fusion-imageframe imageframe-none imageframe-1 hover-type-zoomin\" style=\"border-radius:50%;\"><img decoding=\"async\" width=\"240\" height=\"240\" title=\"1-3-7\" src=\"http:\/\/www.eraegitim.com\/en\/wp-content\/uploads\/2021\/09\/1-3-7.jpg\" data-orig-src=\"http:\/\/www.eraegitim.com\/en\/wp-content\/uploads\/2021\/09\/1-3-7.jpg\" class=\"lazyload img-responsive wp-image-1303\" srcset=\"data:image\/svg+xml,%3Csvg%20xmlns%3D%27http%3A%2F%2Fwww.w3.org%2F2000%2Fsvg%27%20width%3D%27240%27%20height%3D%27240%27%20viewBox%3D%270%200%20240%20240%27%3E%3Crect%20width%3D%27240%27%20height%3D%27240%27%20fill-opacity%3D%220%22%2F%3E%3C%2Fsvg%3E\" data-srcset=\"http:\/\/www.eraegitim.com\/en\/wp-content\/uploads\/2021\/09\/1-3-7-200x200.jpg 200w, http:\/\/www.eraegitim.com\/en\/wp-content\/uploads\/2021\/09\/1-3-7.jpg 240w\" data-sizes=\"auto\" data-orig-sizes=\"(max-width: 1024px) 100vw, (max-width: 640px) 100vw, 240px\" \/><\/span><\/div><\/div><style type=\"text\/css\">.fusion-body .fusion-builder-column-1{width:25% !important;margin-top : 0px;margin-bottom : 0px;}.fusion-builder-column-1 > .fusion-column-wrapper {padding-top : 0px !important;padding-right : 0px !important;margin-right : 7.68%;padding-bottom : 0px !important;padding-left : 0px !important;margin-left : 7.68%;}@media only screen and (max-width:1024px) {.fusion-body .fusion-builder-column-1{width:100% !important;order : 0;}.fusion-builder-column-1 > .fusion-column-wrapper {margin-right : 1.92%;margin-left : 1.92%;}}@media only screen and (max-width:640px) {.fusion-body .fusion-builder-column-1{width:100% !important;order : 0;}.fusion-builder-column-1 > .fusion-column-wrapper {margin-right : 1.92%;margin-left : 1.92%;}}<\/style><\/div><\/div><style type=\"text\/css\">.fusion-body .fusion-flex-container.fusion-builder-row-1{ padding-top : ;margin-top : 0px;padding-right : ;padding-bottom : ;margin-bottom : 0px;padding-left : ;}<\/style><\/div>\n","protected":false},"excerpt":{"rendered":"","protected":false},"author":2,"featured_media":0,"parent":1296,"menu_order":0,"comment_status":"closed","ping_status":"closed","template":"","meta":{"footnotes":""},"class_list":["post-1353","page","type-page","status-publish","hentry"],"_links":{"self":[{"href":"http:\/\/www.eraegitim.com\/en\/wp-json\/wp\/v2\/pages\/1353","targetHints":{"allow":["GET"]}}],"collection":[{"href":"http:\/\/www.eraegitim.com\/en\/wp-json\/wp\/v2\/pages"}],"about":[{"href":"http:\/\/www.eraegitim.com\/en\/wp-json\/wp\/v2\/types\/page"}],"author":[{"embeddable":true,"href":"http:\/\/www.eraegitim.com\/en\/wp-json\/wp\/v2\/users\/2"}],"replies":[{"embeddable":true,"href":"http:\/\/www.eraegitim.com\/en\/wp-json\/wp\/v2\/comments?post=1353"}],"version-history":[{"count":12,"href":"http:\/\/www.eraegitim.com\/en\/wp-json\/wp\/v2\/pages\/1353\/revisions"}],"predecessor-version":[{"id":2929,"href":"http:\/\/www.eraegitim.com\/en\/wp-json\/wp\/v2\/pages\/1353\/revisions\/2929"}],"up":[{"embeddable":true,"href":"http:\/\/www.eraegitim.com\/en\/wp-json\/wp\/v2\/pages\/1296"}],"wp:attachment":[{"href":"http:\/\/www.eraegitim.com\/en\/wp-json\/wp\/v2\/media?parent=1353"}],"curies":[{"name":"wp","href":"https:\/\/api.w.org\/{rel}","templated":true}]}}