{"id":1204,"date":"2021-09-15T14:13:46","date_gmt":"2021-09-15T11:13:46","guid":{"rendered":"http:\/\/www.eraegitim.com\/eranewsite\/?page_id=1204"},"modified":"2022-02-10T11:26:11","modified_gmt":"2022-02-10T08:26:11","slug":"is-hayatinda-yukselirken-beraberimde-neyi-tasiyorum","status":"publish","type":"page","link":"http:\/\/www.eraegitim.com\/en\/hedefe-goturen-egitimler\/potansiyelin-kesfi-ve-potansiyelle-bulusma\/is-hayatinda-yukselirken-beraberimde-neyi-tasiyorum\/","title":{"rendered":"What Do I Carry When I Along With Rise In Business Life?"},"content":{"rendered":"<div class=\"fusion-fullwidth fullwidth-box fusion-builder-row-1 fusion-flex-container nonhundred-percent-fullwidth non-hundred-percent-height-scrolling\" style=\"background-color: rgba(255,255,255,0);background-position: center center;background-repeat: no-repeat;border-width: 0px 0px 0px 0px;border-color:#eae9e9;border-style:solid;\" ><div class=\"fusion-builder-row fusion-row fusion-flex-align-items-flex-start\" style=\"max-width:1185.6px;margin-left: calc(-4% \/ 2 );margin-right: calc(-4% \/ 2 );\"><div class=\"fusion-layout-column fusion_builder_column fusion-builder-column-0 fusion_builder_column_3_4 3_4 fusion-flex-column\"><div class=\"fusion-column-wrapper fusion-flex-justify-content-flex-start fusion-content-layout-column\" style=\"background-position:left top;background-repeat:no-repeat;-webkit-background-size:cover;-moz-background-size:cover;-o-background-size:cover;background-size:cover;padding: 0px 0px 0px 0px;\"><div class=\"fusion-text fusion-text-1\"><h2>Targeted Competencies<\/h2>\n<p>Self awareness<\/p>\n<p>Integrity<\/p>\n<p>Personal and work life balance<\/p>\n<p>Take action<\/p>\n<p>Continuous learning<\/p>\n<h2>Contents<\/h2>\n<p>The dilemma of our age and the demand of our age<\/p>\n<p>How are my attitudes towards myself, my work and my home?<\/p>\n<p>Regarding my work and social life, what are my strengths, unchangeables, obstacles and unshakable beliefs?<\/p>\n<p>What are my strengths- things I cannot change- obstacles and unshakkable beliefs about my work and social life?<\/p>\n<p>And if I did not have to \u2018convince\u2019 people\u2026<\/p>\n<p>In the difficult situations we face with in business<\/p>\n<p>How can I get rid of the emotions and behaviors that wear us out with their habits?<\/p>\n<p>How will I progress in business? What\u2019s next?<\/p>\n<p>And finally; The efforts of men and women to understand each other in business and social life and their working styles: Let\u2019s have some fun\u2026<\/p>\n<p>In our training sessions, adult learning system supported training methodology is applied through case studies, personal exercises, group exercises, role playing, discussions, psychometric tests and games to ensure the highest retention in participants.<\/p>\n<h2>Pre-Training<\/h2>\n<p><strong>Static Analysis<\/strong><\/p>\n<p>Inventory studies<\/p>\n<p>Pulse surveys<\/p>\n<p><strong>Dynamic Analysis<\/strong><\/p>\n<p>Interviews with senior management<\/p>\n<p>Focus groups<\/p>\n<p><strong>Participant pre<\/strong><strong>-work<\/strong><\/p>\n<p><strong>Reading materials, mini videos<\/strong><\/p>\n<h2>During Training<\/h2>\n<p>In our training sessions, adult learning methodology is applied through case studies, personal exercises, group exercises, role playing, discussions, psychometric tests and games in order to provide the highest learning in the participants.<\/p>\n<h2>Post-Training<\/h2>\n<p>Reading materials and videos are provided in order to support internalizing and applying the training subject.<\/p>\n<p>Tools<\/p>\n<ul>\n<li>Development Roundtables and Action Planning<\/li>\n<li>Telephone Coaching &#8211; Turning Learning Into Action &#8220;TLA&#8221;<\/li>\n<li>Shadow Coaching<\/li>\n<li>One-on-one Follow-up Coaching<\/li>\n<\/ul>\n<p><strong>Development Roundtables and Action Planning<\/strong><strong>: <\/strong><\/p>\n<p>Action Planning is the planning of actions to be made after training to make use of the training subject. This is done separately by each participant who implement the new behaviors.<\/p>\n<p>About one month after training, the participant and the trainer get together again in a Development Roundtable session to review the successes and challenges during this month. This includes:<\/p>\n<ul>\n<li>What was implemented, what was not implemented and why<\/li>\n<li>Working on participants&#8217; actual work cases<\/li>\n<li>Feedback on action plans<\/li>\n<\/ul>\n<p>Development of new action plans<\/p>\n<p><strong>Telephone Coaching &#8211; Turning Learning Into Action &#8220;TLA&#8221;<\/strong><strong>: <\/strong><\/p>\n<p>Consists of three monthly half-hour telephone coaching sessions which support participants after training in three development areas. Each participant determines their own development areas and defines the corresponding action plans.<\/p>\n<p>After the sessions are completed, the results are reported.<\/p>\n<p><strong>Shadow Coaching: <\/strong><\/p>\n<p>The coach accompanies the participant in the job environment, makes observations and provides feedback regarding especially development areas.<\/p>\n<p>The participant is provided with increased awareness and is able to implement actions and reach goals more easily.<\/p>\n<p><strong>One-on-one Follow-up Coaching: <\/strong><\/p>\n<p>Consists of coaching sessions on development areas which are based on the participant&#8217;s actual work cases.<\/p>\n<\/div><div class=\"fusion-text fusion-text-2\"><h2>Might also be interested in:<\/h2>\n<\/div><div style=\"text-align:left;\"><style type=\"text\/css\">.fusion-button.button-1 {border-radius:25px;}.fusion-button.button-1 .fusion-button-text {text-transform:uppercase;}<\/style><a class=\"fusion-button button-flat fusion-button-default-size button-default button-1 fusion-button-default-span fusion-button-default-type\" target=\"_self\" href=\"http:\/\/www.eraegitim.com\/en\/hedefe-goturen-egitimler\/potansiyelin-kesfi-ve-potansiyelle-bulusma\/941-2\/\"><span class=\"fusion-button-text\">My Potent\u0131al: I am Aware and Mot\u0131vated! <\/span><\/a><\/div><div style=\"text-align:left;\"><style type=\"text\/css\">.fusion-button.button-2 {border-radius:25px;}.fusion-button.button-2 .fusion-button-text {text-transform:uppercase;}<\/style><a class=\"fusion-button button-flat fusion-button-default-size button-default button-2 fusion-button-default-span fusion-button-default-type\" target=\"_self\" href=\"http:\/\/www.eraegitim.com\/en\/hedefe-goturen-egitimler\/potansiyelin-kesfi-ve-potansiyelle-bulusma\/1193-2\/\"><span class=\"fusion-button-text\">Towards My Goals, Hand \u0131n Hand W\u0131th My Stress <\/span><\/a><\/div><div style=\"text-align:left;\"><style type=\"text\/css\">.fusion-button.button-3 {border-radius:25px;}.fusion-button.button-3 .fusion-button-text {text-transform:uppercase;}<\/style><a class=\"fusion-button button-flat fusion-button-default-size button-default button-3 fusion-button-default-span fusion-button-default-type\" target=\"_self\" href=\"http:\/\/www.eraegitim.com\/en\/hedefe-goturen-egitimler\/atolyeler-ve-eratonin-sohbetleri\/atolyeler\/multidisipliner-sanat-atolyeleri\/\"><span class=\"fusion-button-text\">Mult\u0131d\u0131sc\u0131pl\u0131nary Art Workshops <\/span><\/a><\/div><\/div><style type=\"text\/css\">.fusion-body .fusion-builder-column-0{width:75% !important;margin-top : 0px;margin-bottom : 0px;}.fusion-builder-column-0 > .fusion-column-wrapper {padding-top : 0px !important;padding-right : 0px !important;margin-right : 2.56%;padding-bottom : 0px !important;padding-left : 0px !important;margin-left : 2.56%;}@media only screen and (max-width:1024px) {.fusion-body .fusion-builder-column-0{width:100% !important;order : 0;}.fusion-builder-column-0 > .fusion-column-wrapper {margin-right : 1.92%;margin-left : 1.92%;}}@media only screen and (max-width:640px) {.fusion-body .fusion-builder-column-0{width:100% !important;order : 0;}.fusion-builder-column-0 > .fusion-column-wrapper {margin-right : 1.92%;margin-left : 1.92%;}}<\/style><\/div><div class=\"fusion-layout-column fusion_builder_column fusion-builder-column-1 fusion_builder_column_1_4 1_4 fusion-flex-column\"><div class=\"fusion-column-wrapper fusion-flex-justify-content-flex-start fusion-content-layout-column\" style=\"background-position:left top;background-repeat:no-repeat;-webkit-background-size:cover;-moz-background-size:cover;-o-background-size:cover;background-size:cover;padding: 0px 0px 0px 0px;\"><div style=\"text-align:center;\"><span class=\" fusion-imageframe imageframe-none imageframe-1 hover-type-zoomin\" style=\"border-radius:50%;\"><img decoding=\"async\" width=\"240\" height=\"240\" title=\"\u0130\u015f Hayat\u0131nda Y\u00fckselirken\" src=\"http:\/\/www.eraegitim.com\/en\/wp-content\/uploads\/2021\/09\/Is-Hayatinda-Yukselirken.jpg\" data-orig-src=\"http:\/\/www.eraegitim.com\/en\/wp-content\/uploads\/2021\/09\/Is-Hayatinda-Yukselirken.jpg\" class=\"lazyload img-responsive wp-image-1146\" srcset=\"data:image\/svg+xml,%3Csvg%20xmlns%3D%27http%3A%2F%2Fwww.w3.org%2F2000%2Fsvg%27%20width%3D%27240%27%20height%3D%27240%27%20viewBox%3D%270%200%20240%20240%27%3E%3Crect%20width%3D%27240%27%20height%3D%27240%27%20fill-opacity%3D%220%22%2F%3E%3C%2Fsvg%3E\" data-srcset=\"http:\/\/www.eraegitim.com\/en\/wp-content\/uploads\/2021\/09\/Is-Hayatinda-Yukselirken-200x200.jpg 200w, http:\/\/www.eraegitim.com\/en\/wp-content\/uploads\/2021\/09\/Is-Hayatinda-Yukselirken.jpg 240w\" data-sizes=\"auto\" data-orig-sizes=\"(max-width: 1024px) 100vw, (max-width: 640px) 100vw, 240px\" \/><\/span><\/div><\/div><style type=\"text\/css\">.fusion-body .fusion-builder-column-1{width:25% !important;margin-top : 0px;margin-bottom : 0px;}.fusion-builder-column-1 > .fusion-column-wrapper {padding-top : 0px !important;padding-right : 0px !important;margin-right : 7.68%;padding-bottom : 0px !important;padding-left : 0px !important;margin-left : 7.68%;}@media only screen and (max-width:1024px) {.fusion-body .fusion-builder-column-1{width:100% !important;order : 0;}.fusion-builder-column-1 > .fusion-column-wrapper {margin-right : 1.92%;margin-left : 1.92%;}}@media only screen and (max-width:640px) {.fusion-body .fusion-builder-column-1{width:100% !important;order : 0;}.fusion-builder-column-1 > .fusion-column-wrapper {margin-right : 1.92%;margin-left : 1.92%;}}<\/style><\/div><\/div><style type=\"text\/css\">.fusion-body .fusion-flex-container.fusion-builder-row-1{ padding-top : ;margin-top : 0px;padding-right : ;padding-bottom : ;margin-bottom : 0px;padding-left : ;}<\/style><\/div>\n","protected":false},"excerpt":{"rendered":"","protected":false},"author":2,"featured_media":0,"parent":976,"menu_order":0,"comment_status":"closed","ping_status":"closed","template":"","meta":{"footnotes":""},"class_list":["post-1204","page","type-page","status-publish","hentry"],"_links":{"self":[{"href":"http:\/\/www.eraegitim.com\/en\/wp-json\/wp\/v2\/pages\/1204","targetHints":{"allow":["GET"]}}],"collection":[{"href":"http:\/\/www.eraegitim.com\/en\/wp-json\/wp\/v2\/pages"}],"about":[{"href":"http:\/\/www.eraegitim.com\/en\/wp-json\/wp\/v2\/types\/page"}],"author":[{"embeddable":true,"href":"http:\/\/www.eraegitim.com\/en\/wp-json\/wp\/v2\/users\/2"}],"replies":[{"embeddable":true,"href":"http:\/\/www.eraegitim.com\/en\/wp-json\/wp\/v2\/comments?post=1204"}],"version-history":[{"count":11,"href":"http:\/\/www.eraegitim.com\/en\/wp-json\/wp\/v2\/pages\/1204\/revisions"}],"predecessor-version":[{"id":2639,"href":"http:\/\/www.eraegitim.com\/en\/wp-json\/wp\/v2\/pages\/1204\/revisions\/2639"}],"up":[{"embeddable":true,"href":"http:\/\/www.eraegitim.com\/en\/wp-json\/wp\/v2\/pages\/976"}],"wp:attachment":[{"href":"http:\/\/www.eraegitim.com\/en\/wp-json\/wp\/v2\/media?parent=1204"}],"curies":[{"name":"wp","href":"https:\/\/api.w.org\/{rel}","templated":true}]}}